{"id":2594,"date":"2022-04-28T12:03:52","date_gmt":"2022-04-28T17:03:52","guid":{"rendered":"https:\/\/etnografia.convocatoriaprone.mx\/?page_id=2594"},"modified":"2022-05-10T13:26:30","modified_gmt":"2022-05-10T18:26:30","slug":"3-documentacion-historica-etnografica-y-linguistica-del-arte-textil-otopame-otomi-chichimeca-region-centro","status":"publish","type":"page","link":"https:\/\/etnografia.convocatoriaprone.mx\/?page_id=2594","title":{"rendered":"3. Documentaci\u00f3n hist\u00f3rica, etnogr\u00e1fica y ling\u00fc\u00edstica del arte textil otopame: otom\u00ed-chichimeca (Regi\u00f3n Centro)"},"content":{"rendered":"<div data-colibri-id=\"2594-c1\" class=\"style-1384 style-local-2594-c1 position-relative\">\n  <!---->\n  <div data-colibri-component=\"section\" data-colibri-id=\"2594-c2\" id=\"reusable-sections\" class=\"h-section h-section-global-spacing d-flex align-items-lg-center align-items-md-center align-items-center style-1385 style-local-2594-c2 position-relative\">\n    <!---->\n    <!---->\n    <div class=\"h-section-grid-container h-section-boxed-container\">\n      <!---->\n      <div data-colibri-id=\"2594-c3\" class=\"h-row-container gutters-row-lg-2 gutters-row-md-2 gutters-row-0 gutters-row-v-lg-2 gutters-row-v-md-2 gutters-row-v-2 style-1386 style-local-2594-c3 position-relative\">\n        <!---->\n        <div class=\"h-row justify-content-lg-center justify-content-md-center justify-content-center align-items-lg-stretch align-items-md-stretch align-items-stretch gutters-col-lg-2 gutters-col-md-2 gutters-col-0 gutters-col-v-lg-2 gutters-col-v-md-2 gutters-col-v-2\">\n          <!---->\n          <div class=\"h-column h-column-container d-flex h-col-lg-auto h-col-md-auto h-col-auto style-1387-outer style-local-2594-c4-outer\">\n            <div data-colibri-id=\"2594-c4\" class=\"d-flex h-flex-basis h-column__inner h-px-lg-2 h-px-md-2 h-px-2 v-inner-lg-2 v-inner-md-2 v-inner-2 style-1387 style-local-2594-c4 position-relative\">\n              <!---->\n              <!---->\n              <div class=\"w-100 h-y-container h-column__content h-column__v-align flex-basis-100 align-self-lg-start align-self-md-start align-self-start\">\n                <!---->\n                <div data-colibri-id=\"2594-c5\" data-aos=\"zoomIn\" class=\"h-text h-text-component style-1388 style-local-2594-c5 position-relative h-element\">\n                  <!---->\n                  <!---->\n                  <div class=\"\">\n                    <p><strong style=\"font-weight: 400; color: rgb(0, 0, 0); font-family: Montserrat, sans-serif; font-size: 98%;\">L\u00ednea de investigaci\u00f3n<em>: Diversidad cultural, identidad y memoria en el contexto de los problemas nacionales<\/em><\/strong><\/p>\n                    <p><strong style=\"font-weight: 400; color: rgb(0, 0, 0); font-family: Montserrat, sans-serif; font-size: 98%;\">Eje: <em>Lengua, alteridad, identidad, memoria y otros saberes<\/em><\/strong><\/p>\n                    <p><strong style=\"font-weight: 400; color: rgb(0, 0, 0); font-family: Montserrat, sans-serif; font-size: 98%;\">Nombre de proyecto: <em>Documentaci\u00f3n hist\u00f3rica, etnogr\u00e1fica y ling\u00fc\u00edstica del arte textil otopame: otom\u00ed-chichimeca (Regi\u00f3n Centro)<\/em><\/strong><\/p>\n                    <p><strong style=\"font-weight: 400; color: rgb(0, 0, 0); font-family: Montserrat, sans-serif; font-size: 98%;\">Palabras clave: <em>Lenguas otopames, Tradiciones textiles, Indumentaria, Comunidades otom\u00edes, Chichimeca jonaz<\/em><\/strong><\/p>\n                    <p><strong style=\"font-weight: 400; color: rgb(0, 0, 0); font-family: Montserrat, sans-serif; font-size: 98%;\">Las tradiciones textiles son un fen\u00f3meno complejo de expresi\u00f3n cultural, que va de la creaci\u00f3n y producci\u00f3n colectiva, a la comercializaci\u00f3n y la patrimonializaci\u00f3n; hasta la configuraci\u00f3n de los sistemas de conocimiento que hacen posible su existencia. En este proyecto pretendemos acercarnos a comprender c\u00f3mo se ha configurado la tradici\u00f3n del arte textil de los grupos otopames.<\/strong><\/p>\n                    <p><strong style=\"font-weight: 400; color: rgb(0, 0, 0); font-family: Montserrat, sans-serif; font-size: 98%;\">Responsable de proyecto<\/strong><\/p>\n                    <p><strong style=\"font-weight: 400; color: rgb(0, 0, 0); font-family: Montserrat, sans-serif; font-size: 98%;\">Alonso Guerrero Galv\u00e1n<\/strong><\/p>\n                    <p><strong style=\"font-weight: 400; color: rgb(0, 0, 0); font-family: Montserrat, sans-serif; font-size: 98%;\">alonso_guerrero@inah.gob.mx<\/strong><\/p>\n                    <p><strong style=\"font-weight: 400; color: rgb(0, 0, 0); font-family: Montserrat, sans-serif; font-size: 98%;\">Direcci\u00f3n de Ling\u00fc\u00edstica<\/strong><\/p>\n                    <p><strong style=\"font-weight: 400; color: rgb(0, 0, 0); font-family: Montserrat, sans-serif; font-size: 98%;\">Bianca Paola Islas Flores<\/strong><\/p>\n                    <p><strong style=\"font-weight: 400; color: rgb(0, 0, 0); font-family: Montserrat, sans-serif; font-size: 98%;\">bianca_islas@inah.gob.mx<\/strong><\/p>\n                    <p><strong style=\"font-weight: 400; color: rgb(0, 0, 0); font-family: Montserrat, sans-serif; font-size: 98%;\">Centro INAH Michoac\u00e1n<\/strong><\/p>\n                    <p><strong style=\"font-weight: 400; color: rgb(0, 0, 0); font-family: Montserrat, sans-serif; font-size: 98%;\">&nbsp;Mar\u00eda Antonieta Gonz\u00e1lez Amaro<\/strong><\/p>\n                    <p><strong style=\"font-weight: 400; color: rgb(0, 0, 0); font-family: Montserrat, sans-serif; font-size: 98%;\">antonieta.gonzalezamaro@gmail.com<\/strong><\/p>\n                    <p><strong style=\"font-weight: 400; color: rgb(0, 0, 0); font-family: Montserrat, sans-serif; font-size: 98%;\">UAQ&nbsp;<\/strong><\/p>\n                    <p><strong style=\"font-weight: 400; color: rgb(0, 0, 0); font-family: Montserrat, sans-serif; font-size: 98%;\">Mariana Garc\u00eda Portal<\/strong><\/p>\n                    <p><strong style=\"font-weight: 400; color: rgb(0, 0, 0); font-family: Montserrat, sans-serif; font-size: 98%;\">marianaportalgarcia@gmail.com<\/strong><\/p>\n                    <p><strong style=\"font-weight: 400; color: rgb(0, 0, 0); font-family: Montserrat, sans-serif; font-size: 98%;\">UAM-I<\/strong><\/p>\n                    <p><strong style=\"font-weight: 400; color: rgb(0, 0, 0); font-family: Montserrat, sans-serif; font-size: 98%;\">Ver\u00f3nica Reyes Taboada<\/strong><\/p>\n                    <p><strong style=\"font-weight: 400; color: rgb(0, 0, 0); font-family: Montserrat, sans-serif; font-size: 98%;\">veronica_reyestaboada@inah.gob.mx<\/strong><\/p>\n                    <p><strong style=\"font-weight: 400; color: rgb(0, 0, 0); font-family: Montserrat, sans-serif; font-size: 98%;\">Direcci\u00f3n de Ling\u00fc\u00edstica<\/strong><\/p>\n                  <\/div>\n                <\/div>\n              <\/div>\n            <\/div>\n          <\/div>\n        <\/div>\n      <\/div>\n    <\/div>\n  <\/div>\n  <div data-colibri-component=\"section\" data-colibri-id=\"2594-c6\" id=\"reusable-sections-2\" class=\"h-section h-section-global-spacing d-flex align-items-lg-center align-items-md-center align-items-center style-1392 style-local-2594-c6 position-relative\">\n    <!---->\n    <!---->\n    <div class=\"h-section-grid-container h-section-boxed-container\">\n      <!---->\n      <div data-colibri-id=\"2594-c7\" class=\"h-row-container gutters-row-lg-2 gutters-row-md-2 gutters-row-0 gutters-row-v-lg-2 gutters-row-v-md-2 gutters-row-v-2 style-1393 style-local-2594-c7 position-relative\">\n        <!---->\n        <div class=\"h-row justify-content-lg-center justify-content-md-center justify-content-center align-items-lg-stretch align-items-md-stretch align-items-stretch gutters-col-lg-2 gutters-col-md-2 gutters-col-0 gutters-col-v-lg-2 gutters-col-v-md-2 gutters-col-v-2\">\n          <!---->\n          <div class=\"h-column h-column-container d-flex h-col-lg-auto h-col-md-auto h-col-auto style-1394-outer style-local-2594-c8-outer\">\n            <div data-colibri-id=\"2594-c8\" class=\"d-flex h-flex-basis h-column__inner h-px-lg-2 h-px-md-2 h-px-2 v-inner-lg-2 v-inner-md-2 v-inner-2 style-1394 style-local-2594-c8 position-relative\">\n              <!---->\n              <!---->\n              <div class=\"w-100 h-y-container h-column__content h-column__v-align flex-basis-100 align-self-lg-start align-self-md-start align-self-start\">\n                <!---->\n                <div data-colibri-component=\"masonry\" data-colibri-id=\"2594-c9\" class=\"h-photo-gallery margin-none caption-overImage full-width caption-vertical-align-bottom photo-gallery--with-hover-effect photo-gallery--with-hover-effect--glow style-1395 style-local-2594-c9 position-relative h-element\">\n                  <!---->\n                  <div class=\"h-global-transition-all caption-wrapper-full\"><div id='colibri-2594-c9' class='gallery-wrapper'>    <style type=\"text\/css\">\n\n        @media (min-width: 1023px) {        #colibri-2594-c9        dl {\n            float: left;\n            width: 33.333333333333% !important;\n            max-width: 33.333333333333% !important;\n            min-width: 33.333333333333% !important;\n        }\n\n        #colibri-2594-c9        dl:nth-of-type(3n +1 ) {\n            clear: both;\n        }\n\n        }@media (min-width: 768px) and (max-width: 1023px) {        #colibri-2594-c9        dl {\n            float: left;\n            width: 33.333333333333% !important;\n            max-width: 33.333333333333% !important;\n            min-width: 33.333333333333% !important;\n        }\n\n        #colibri-2594-c9        dl:nth-of-type(3n +1 ) {\n            clear: both;\n        }\n\n        }@media (max-width: 767px) {        #colibri-2594-c9        dl {\n            float: left;\n            width: 33.333333333333% !important;\n            max-width: 33.333333333333% !important;\n            min-width: 33.333333333333% !important;\n        }\n\n        #colibri-2594-c9        dl:nth-of-type(3n +1 ) {\n            clear: both;\n        }\n\n        }\n        #colibri-2594-c9        .gallery-item {\n            position: relative;\n        }\n\n        \n    <\/style>\n    <div   class='colibri-2594-c9-dls-wrapper gallery-items-wrapper' ><dl class='gallery-item masonry-item'>\n\t\t\t<dt class='gallery-icon portrait'>\n\t\t\t\t<a data-fancybox=\"colibri-2594-c9-group\" href='https:\/\/etnografia.convocatoriaprone.mx\/wp-content\/uploads\/2022\/05\/5-Bordadora.-San-Felipe-de-los-Alzati-Zitacuato-Michoacan-2018.-Fotogrfia-Yaret-Veronica-Sanchez-Baron-1-1-scaled.jpg'><img loading=\"lazy\" decoding=\"async\"  width=\"200\" height=\"300\" src=\"https:\/\/etnografia.convocatoriaprone.mx\/wp-content\/uploads\/2022\/05\/5-Bordadora.-San-Felipe-de-los-Alzati-Zitacuato-Michoacan-2018.-Fotogrfia-Yaret-Veronica-Sanchez-Baron-1-1-200x300.jpg\"  class='colibri-2594-c9-image' alt=\"\" aria-describedby=\"gallery-1-2894\" srcset=\"https:\/\/etnografia.convocatoriaprone.mx\/wp-content\/uploads\/2022\/05\/5-Bordadora.-San-Felipe-de-los-Alzati-Zitacuato-Michoacan-2018.-Fotogrfia-Yaret-Veronica-Sanchez-Baron-1-1-200x300.jpg 200w, https:\/\/etnografia.convocatoriaprone.mx\/wp-content\/uploads\/2022\/05\/5-Bordadora.-San-Felipe-de-los-Alzati-Zitacuato-Michoacan-2018.-Fotogrfia-Yaret-Veronica-Sanchez-Baron-1-1-683x1024.jpg 683w, https:\/\/etnografia.convocatoriaprone.mx\/wp-content\/uploads\/2022\/05\/5-Bordadora.-San-Felipe-de-los-Alzati-Zitacuato-Michoacan-2018.-Fotogrfia-Yaret-Veronica-Sanchez-Baron-1-1-768x1152.jpg 768w, https:\/\/etnografia.convocatoriaprone.mx\/wp-content\/uploads\/2022\/05\/5-Bordadora.-San-Felipe-de-los-Alzati-Zitacuato-Michoacan-2018.-Fotogrfia-Yaret-Veronica-Sanchez-Baron-1-1-1024x1536.jpg 1024w, https:\/\/etnografia.convocatoriaprone.mx\/wp-content\/uploads\/2022\/05\/5-Bordadora.-San-Felipe-de-los-Alzati-Zitacuato-Michoacan-2018.-Fotogrfia-Yaret-Veronica-Sanchez-Baron-1-1-1365x2048.jpg 1365w, https:\/\/etnografia.convocatoriaprone.mx\/wp-content\/uploads\/2022\/05\/5-Bordadora.-San-Felipe-de-los-Alzati-Zitacuato-Michoacan-2018.-Fotogrfia-Yaret-Veronica-Sanchez-Baron-1-1-scaled.jpg 1707w\" sizes=\"auto, (max-width: 200px) 100vw, 200px\" \/><\/a>\n\t\t\t<\/dt>\n\t\t\t\t<div class=\"gallery-caption__wrapper\"><dd class='wp-caption-text gallery-caption' id='gallery-1-2894'>\n\t\t\t\tBordadora. San Felipe de los Alzati, Zit\u00e1cuato, Michoac\u00e1n, 2018. Fotogrf\u00eda, Yaret Ver\u00f3nica Sanch\u00e9z Bar\u00f3n \n\t\t\t\t<\/dd><\/div><\/dl><dl class='gallery-item masonry-item'>\n\t\t\t<dt class='gallery-icon landscape'>\n\t\t\t\t<a data-fancybox=\"colibri-2594-c9-group\" href='https:\/\/etnografia.convocatoriaprone.mx\/wp-content\/uploads\/2022\/05\/6.-Bordando.-San-Felipe-de-los-Alzati-Zitacuaro-Michoacan-2018.-Fotografia-Bianca-Paola-Islas-Flores-1-scaled.jpg'><img loading=\"lazy\" decoding=\"async\"  width=\"300\" height=\"200\" src=\"https:\/\/etnografia.convocatoriaprone.mx\/wp-content\/uploads\/2022\/05\/6.-Bordando.-San-Felipe-de-los-Alzati-Zitacuaro-Michoacan-2018.-Fotografia-Bianca-Paola-Islas-Flores-1-300x200.jpg\"  class='colibri-2594-c9-image' alt=\"\" aria-describedby=\"gallery-1-2895\" srcset=\"https:\/\/etnografia.convocatoriaprone.mx\/wp-content\/uploads\/2022\/05\/6.-Bordando.-San-Felipe-de-los-Alzati-Zitacuaro-Michoacan-2018.-Fotografia-Bianca-Paola-Islas-Flores-1-300x200.jpg 300w, https:\/\/etnografia.convocatoriaprone.mx\/wp-content\/uploads\/2022\/05\/6.-Bordando.-San-Felipe-de-los-Alzati-Zitacuaro-Michoacan-2018.-Fotografia-Bianca-Paola-Islas-Flores-1-1024x683.jpg 1024w, https:\/\/etnografia.convocatoriaprone.mx\/wp-content\/uploads\/2022\/05\/6.-Bordando.-San-Felipe-de-los-Alzati-Zitacuaro-Michoacan-2018.-Fotografia-Bianca-Paola-Islas-Flores-1-768x512.jpg 768w, https:\/\/etnografia.convocatoriaprone.mx\/wp-content\/uploads\/2022\/05\/6.-Bordando.-San-Felipe-de-los-Alzati-Zitacuaro-Michoacan-2018.-Fotografia-Bianca-Paola-Islas-Flores-1-1536x1024.jpg 1536w, https:\/\/etnografia.convocatoriaprone.mx\/wp-content\/uploads\/2022\/05\/6.-Bordando.-San-Felipe-de-los-Alzati-Zitacuaro-Michoacan-2018.-Fotografia-Bianca-Paola-Islas-Flores-1-2048x1365.jpg 2048w\" sizes=\"auto, (max-width: 300px) 100vw, 300px\" \/><\/a>\n\t\t\t<\/dt>\n\t\t\t\t<div class=\"gallery-caption__wrapper\"><dd class='wp-caption-text gallery-caption' id='gallery-1-2895'>\n\t\t\t\tBordando. San Felipe de los Alzati, Zit\u00e1cuaro, Michoac\u00e1n, 2018. Fotograf\u00eda, Bianca Paola Islas Flores\n\t\t\t\t<\/dd><\/div><\/dl><dl class='gallery-item masonry-item'>\n\t\t\t<dt class='gallery-icon landscape'>\n\t\t\t\t<a data-fancybox=\"colibri-2594-c9-group\" href='https:\/\/etnografia.convocatoriaprone.mx\/wp-content\/uploads\/2022\/05\/3-Estrella-otomi-Santiago-de-Queretaro-agosto-2015.-Fotografia_-Antonieta-Gonzalez.-1-2-scaled.jpg'><img loading=\"lazy\" decoding=\"async\"  width=\"300\" height=\"200\" src=\"https:\/\/etnografia.convocatoriaprone.mx\/wp-content\/uploads\/2022\/05\/3-Estrella-otomi-Santiago-de-Queretaro-agosto-2015.-Fotografia_-Antonieta-Gonzalez.-1-2-300x200.jpg\"  class='colibri-2594-c9-image' alt=\"\" aria-describedby=\"gallery-1-2896\" srcset=\"https:\/\/etnografia.convocatoriaprone.mx\/wp-content\/uploads\/2022\/05\/3-Estrella-otomi-Santiago-de-Queretaro-agosto-2015.-Fotografia_-Antonieta-Gonzalez.-1-2-300x200.jpg 300w, https:\/\/etnografia.convocatoriaprone.mx\/wp-content\/uploads\/2022\/05\/3-Estrella-otomi-Santiago-de-Queretaro-agosto-2015.-Fotografia_-Antonieta-Gonzalez.-1-2-1024x683.jpg 1024w, https:\/\/etnografia.convocatoriaprone.mx\/wp-content\/uploads\/2022\/05\/3-Estrella-otomi-Santiago-de-Queretaro-agosto-2015.-Fotografia_-Antonieta-Gonzalez.-1-2-768x512.jpg 768w, https:\/\/etnografia.convocatoriaprone.mx\/wp-content\/uploads\/2022\/05\/3-Estrella-otomi-Santiago-de-Queretaro-agosto-2015.-Fotografia_-Antonieta-Gonzalez.-1-2-1536x1024.jpg 1536w, https:\/\/etnografia.convocatoriaprone.mx\/wp-content\/uploads\/2022\/05\/3-Estrella-otomi-Santiago-de-Queretaro-agosto-2015.-Fotografia_-Antonieta-Gonzalez.-1-2-2048x1365.jpg 2048w\" sizes=\"auto, (max-width: 300px) 100vw, 300px\" \/><\/a>\n\t\t\t<\/dt>\n\t\t\t\t<div class=\"gallery-caption__wrapper\"><dd class='wp-caption-text gallery-caption' id='gallery-1-2896'>\n\t\t\t\tEstrella otom\u00ed, Santiago de Quer\u00e9taro, agosto 2015. Fotograf\u00eda: Antonieta Gonz\u00e1lez. \n\t\t\t\t<\/dd><\/div><\/dl><dl class='gallery-item masonry-item'>\n\t\t\t<dt class='gallery-icon landscape'>\n\t\t\t\t<a data-fancybox=\"colibri-2594-c9-group\" href='https:\/\/etnografia.convocatoriaprone.mx\/wp-content\/uploads\/2022\/05\/4.-Aves-Santiago-de-Queretaro-agosto-2015.-Fotografia_-Antonieta-Gonzalez.-1-2-scaled.jpg'><img loading=\"lazy\" decoding=\"async\"  width=\"300\" height=\"200\" src=\"https:\/\/etnografia.convocatoriaprone.mx\/wp-content\/uploads\/2022\/05\/4.-Aves-Santiago-de-Queretaro-agosto-2015.-Fotografia_-Antonieta-Gonzalez.-1-2-300x200.jpg\"  class='colibri-2594-c9-image' alt=\"\" aria-describedby=\"gallery-1-2897\" srcset=\"https:\/\/etnografia.convocatoriaprone.mx\/wp-content\/uploads\/2022\/05\/4.-Aves-Santiago-de-Queretaro-agosto-2015.-Fotografia_-Antonieta-Gonzalez.-1-2-300x200.jpg 300w, https:\/\/etnografia.convocatoriaprone.mx\/wp-content\/uploads\/2022\/05\/4.-Aves-Santiago-de-Queretaro-agosto-2015.-Fotografia_-Antonieta-Gonzalez.-1-2-1024x683.jpg 1024w, https:\/\/etnografia.convocatoriaprone.mx\/wp-content\/uploads\/2022\/05\/4.-Aves-Santiago-de-Queretaro-agosto-2015.-Fotografia_-Antonieta-Gonzalez.-1-2-768x512.jpg 768w, https:\/\/etnografia.convocatoriaprone.mx\/wp-content\/uploads\/2022\/05\/4.-Aves-Santiago-de-Queretaro-agosto-2015.-Fotografia_-Antonieta-Gonzalez.-1-2-1536x1024.jpg 1536w, https:\/\/etnografia.convocatoriaprone.mx\/wp-content\/uploads\/2022\/05\/4.-Aves-Santiago-de-Queretaro-agosto-2015.-Fotografia_-Antonieta-Gonzalez.-1-2-2048x1365.jpg 2048w\" sizes=\"auto, (max-width: 300px) 100vw, 300px\" \/><\/a>\n\t\t\t<\/dt>\n\t\t\t\t<div class=\"gallery-caption__wrapper\"><dd class='wp-caption-text gallery-caption' id='gallery-1-2897'>\n\t\t\t\tAves, Santiago de Quer\u00e9taro, agosto 2015. Fotograf\u00eda: Antonieta Gonz\u00e1lez. \n\t\t\t\t<\/dd><\/div><\/dl><dl class='gallery-item masonry-item'>\n\t\t\t<dt class='gallery-icon landscape'>\n\t\t\t\t<a data-fancybox=\"colibri-2594-c9-group\" href='https:\/\/etnografia.convocatoriaprone.mx\/wp-content\/uploads\/2022\/05\/1-Adaptarse-o-morir.-1a-Fe-scaled.jpg'><img loading=\"lazy\" decoding=\"async\"  width=\"300\" height=\"200\" src=\"https:\/\/etnografia.convocatoriaprone.mx\/wp-content\/uploads\/2022\/05\/1-Adaptarse-o-morir.-1a-Fe-300x200.jpg\"  class='colibri-2594-c9-image' alt=\"\" aria-describedby=\"gallery-1-2906\" srcset=\"https:\/\/etnografia.convocatoriaprone.mx\/wp-content\/uploads\/2022\/05\/1-Adaptarse-o-morir.-1a-Fe-300x200.jpg 300w, https:\/\/etnografia.convocatoriaprone.mx\/wp-content\/uploads\/2022\/05\/1-Adaptarse-o-morir.-1a-Fe-1024x682.jpg 1024w, https:\/\/etnografia.convocatoriaprone.mx\/wp-content\/uploads\/2022\/05\/1-Adaptarse-o-morir.-1a-Fe-768x511.jpg 768w, https:\/\/etnografia.convocatoriaprone.mx\/wp-content\/uploads\/2022\/05\/1-Adaptarse-o-morir.-1a-Fe-1536x1022.jpg 1536w, https:\/\/etnografia.convocatoriaprone.mx\/wp-content\/uploads\/2022\/05\/1-Adaptarse-o-morir.-1a-Fe-2048x1363.jpg 2048w\" sizes=\"auto, (max-width: 300px) 100vw, 300px\" \/><\/a>\n\t\t\t<\/dt>\n\t\t\t\t<div class=\"gallery-caption__wrapper\"><dd class='wp-caption-text gallery-caption' id='gallery-1-2906'>\n\t\t\t\tAdaptarse o morir. 1a Feria de la Mu\u00f1eca Ar Lele, Monumento a la Revoluci\u00f3n, CDMX, 2019. Fotograf\u00eda: Alonso Guerrero Galv\u00e1n (Normatividad y variaci\u00f3n en lenguas mexicanas, SIP. 30699)\n\t\t\t\t<\/dd><\/div><\/dl><dl class='gallery-item masonry-item'>\n\t\t\t<dt class='gallery-icon landscape'>\n\t\t\t\t<a data-fancybox=\"colibri-2594-c9-group\" href='https:\/\/etnografia.convocatoriaprone.mx\/wp-content\/uploads\/2022\/05\/2-El-bailable-escolar.-Entrega-scaled.jpg'><img loading=\"lazy\" decoding=\"async\"  width=\"300\" height=\"225\" src=\"https:\/\/etnografia.convocatoriaprone.mx\/wp-content\/uploads\/2022\/05\/2-El-bailable-escolar.-Entrega-300x225.jpg\"  class='colibri-2594-c9-image' alt=\"\" aria-describedby=\"gallery-1-2907\" srcset=\"https:\/\/etnografia.convocatoriaprone.mx\/wp-content\/uploads\/2022\/05\/2-El-bailable-escolar.-Entrega-300x225.jpg 300w, https:\/\/etnografia.convocatoriaprone.mx\/wp-content\/uploads\/2022\/05\/2-El-bailable-escolar.-Entrega-1024x768.jpg 1024w, https:\/\/etnografia.convocatoriaprone.mx\/wp-content\/uploads\/2022\/05\/2-El-bailable-escolar.-Entrega-768x576.jpg 768w, https:\/\/etnografia.convocatoriaprone.mx\/wp-content\/uploads\/2022\/05\/2-El-bailable-escolar.-Entrega-1536x1152.jpg 1536w, https:\/\/etnografia.convocatoriaprone.mx\/wp-content\/uploads\/2022\/05\/2-El-bailable-escolar.-Entrega-2048x1536.jpg 2048w\" sizes=\"auto, (max-width: 300px) 100vw, 300px\" \/><\/a>\n\t\t\t<\/dt>\n\t\t\t\t<div class=\"gallery-caption__wrapper\"><dd class='wp-caption-text gallery-caption' id='gallery-1-2907'>\n\t\t\t\tEl bailable escolar. Entrega de la sistematizaci\u00f3n ortogr\u00e1fica del uza\u2019 o chichimeca jonaz, Misi\u00f3n de Chichimecas, San Luis de la Paz, Guanajuato, 2010. Fotograf\u00eda: Alonso Guerrero Galv\u00e1n (Normatividad y variaci\u00f3n en lenguas otopames, SIP. 1810) \n\t\t\t\t<\/dd><\/div><\/dl>\n\t\t\t\n\t\t<\/div>\n<style>#colibri-2594-c9 .wp-caption-text.gallery-caption{display:none;}<\/style><\/div><\/div>\n                <\/div>\n              <\/div>\n            <\/div>\n          <\/div>\n        <\/div>\n      <\/div>\n    <\/div>\n  <\/div>\n<\/div>","protected":false},"excerpt":{"rendered":"<p>L\u00ednea de investigaci\u00f3n: Diversidad cultural, identidad y memoria en el contexto de los problemas nacionales Eje: Lengua, alteridad, identidad, memoria y otros saberes Nombre de proyecto: Documentaci\u00f3n hist\u00f3rica, etnogr\u00e1fica y [&hellip;]<\/p>\n","protected":false},"author":1,"featured_media":0,"parent":0,"menu_order":0,"comment_status":"closed","ping_status":"closed","template":"page-templates\/full-width-page.php","meta":{"footnotes":""},"class_list":["post-2594","page","type-page","status-publish","hentry"],"_links":{"self":[{"href":"https:\/\/etnografia.convocatoriaprone.mx\/index.php?rest_route=\/wp\/v2\/pages\/2594","targetHints":{"allow":["GET"]}}],"collection":[{"href":"https:\/\/etnografia.convocatoriaprone.mx\/index.php?rest_route=\/wp\/v2\/pages"}],"about":[{"href":"https:\/\/etnografia.convocatoriaprone.mx\/index.php?rest_route=\/wp\/v2\/types\/page"}],"author":[{"embeddable":true,"href":"https:\/\/etnografia.convocatoriaprone.mx\/index.php?rest_route=\/wp\/v2\/users\/1"}],"replies":[{"embeddable":true,"href":"https:\/\/etnografia.convocatoriaprone.mx\/index.php?rest_route=%2Fwp%2Fv2%2Fcomments&post=2594"}],"version-history":[{"count":4,"href":"https:\/\/etnografia.convocatoriaprone.mx\/index.php?rest_route=\/wp\/v2\/pages\/2594\/revisions"}],"predecessor-version":[{"id":2910,"href":"https:\/\/etnografia.convocatoriaprone.mx\/index.php?rest_route=\/wp\/v2\/pages\/2594\/revisions\/2910"}],"wp:attachment":[{"href":"https:\/\/etnografia.convocatoriaprone.mx\/index.php?rest_route=%2Fwp%2Fv2%2Fmedia&parent=2594"}],"curies":[{"name":"wp","href":"https:\/\/api.w.org\/{rel}","templated":true}]}}